{"id":2632,"date":"2023-03-10T14:09:11","date_gmt":"2023-03-10T14:09:11","guid":{"rendered":"https:\/\/bluedreambcn.com\/politica-de-privacidad"},"modified":"2025-09-10T09:46:51","modified_gmt":"2025-09-10T09:46:51","slug":"politica-de-privacidad","status":"publish","type":"page","link":"https:\/\/bluedreambcn.com\/es\/politica-de-privacidad","title":{"rendered":"Pol\u00edtica de privacidad"},"content":{"rendered":"\t\t<div data-elementor-type=\"wp-page\" data-elementor-id=\"2632\" class=\"elementor elementor-2632 elementor-3\" data-elementor-post-type=\"page\">\n\t\t\t\t\t\t<section class=\"elementor-section elementor-top-section elementor-element elementor-element-bc493bf elementor-section-full_width elementor-section-content-middle elementor-section-height-default elementor-section-height-default\" data-id=\"bc493bf\" data-element_type=\"section\" data-settings=\"{&quot;background_background&quot;:&quot;classic&quot;,&quot;sticky&quot;:&quot;top&quot;,&quot;sticky_on&quot;:[&quot;desktop&quot;,&quot;tablet&quot;,&quot;mobile&quot;],&quot;sticky_offset&quot;:0,&quot;sticky_effects_offset&quot;:0,&quot;sticky_anchor_link_offset&quot;:0}\">\n\t\t\t\t\t\t\t<div class=\"elementor-background-overlay\"><\/div>\n\t\t\t\t\t\t\t<div class=\"elementor-container elementor-column-gap-no\">\n\t\t\t\t\t<div class=\"elementor-column elementor-col-50 elementor-top-column elementor-element elementor-element-a47c3e2\" data-id=\"a47c3e2\" data-element_type=\"column\">\n\t\t\t<div class=\"elementor-widget-wrap elementor-element-populated\">\n\t\t\t\t\t\t<div class=\"elementor-element elementor-element-57eaa81 elementor-widget elementor-widget-heading\" data-id=\"57eaa81\" data-element_type=\"widget\" data-widget_type=\"heading.default\">\n\t\t\t\t<div class=\"elementor-widget-container\">\n\t\t\t\t\t<h2 class=\"elementor-heading-title elementor-size-default\">bluedreambarcelona.com<\/h2>\t\t\t\t<\/div>\n\t\t\t\t<\/div>\n\t\t\t\t\t<\/div>\n\t\t<\/div>\n\t\t\t\t<div class=\"elementor-column elementor-col-50 elementor-top-column elementor-element elementor-element-32a50ad\" data-id=\"32a50ad\" data-element_type=\"column\">\n\t\t\t<div class=\"elementor-widget-wrap elementor-element-populated\">\n\t\t\t\t\t\t<div class=\"elementor-element elementor-element-4af2a20 elementor-mobile-align-center elementor-align-center elementor-widget-tablet__width-initial elementor-widget elementor-widget-button\" data-id=\"4af2a20\" data-element_type=\"widget\" data-widget_type=\"button.default\">\n\t\t\t\t<div class=\"elementor-widget-container\">\n\t\t\t\t\t\t\t\t\t<div class=\"elementor-button-wrapper\">\n\t\t\t\t\t<a class=\"elementor-button elementor-button-link elementor-size-xs\" href=\"http:\/\/bluedreambcn.com\/es\/\">\n\t\t\t\t\t\t<span class=\"elementor-button-content-wrapper\">\n\t\t\t\t\t\t<span class=\"elementor-button-icon\">\n\t\t\t\t<i aria-hidden=\"true\" class=\"jki jki-chevron-left-light\"><\/i>\t\t\t<\/span>\n\t\t\t\t\t\t\t\t\t<span class=\"elementor-button-text\">VOLVER AL SITIO WEB<\/span>\n\t\t\t\t\t<\/span>\n\t\t\t\t\t<\/a>\n\t\t\t\t<\/div>\n\t\t\t\t\t\t\t\t<\/div>\n\t\t\t\t<\/div>\n\t\t\t\t\t<\/div>\n\t\t<\/div>\n\t\t\t\t\t<\/div>\n\t\t<\/section>\n\t\t\t\t<section class=\"elementor-section elementor-top-section elementor-element elementor-element-534c083c elementor-section-boxed elementor-section-height-default elementor-section-height-default\" data-id=\"534c083c\" data-element_type=\"section\">\n\t\t\t\t\t\t<div class=\"elementor-container elementor-column-gap-default\">\n\t\t\t\t\t<div class=\"elementor-column elementor-col-100 elementor-top-column elementor-element elementor-element-41726428\" data-id=\"41726428\" data-element_type=\"column\">\n\t\t\t<div class=\"elementor-widget-wrap elementor-element-populated\">\n\t\t\t\t\t\t<div class=\"elementor-element elementor-element-742c37ff elementor-widget elementor-widget-text-editor\" data-id=\"742c37ff\" data-element_type=\"widget\" data-widget_type=\"text-editor.default\">\n\t\t\t\t<div class=\"elementor-widget-container\">\n\t\t\t\t\t\t\t\t\t\n<p><strong>T\u00e9rminos y condiciones<\/strong><\/p>\n\n\n\n<p><em>\u00daltima actualizaci\u00f3n:  <\/em><\/p>\n\n\n\n<p>Bienvenidos a Blue Dream Barcelona (el \u00abClub\u00bb). Estos T\u00e9rminos y Condiciones rigen su uso de nuestro sitio web ubicado en <a href=\"http:\/\/bluedreambcn.com\/\">http:\/\/bluedreambcn.com<\/a> (el \u00abSitio Web\u00bb) y su relaci\u00f3n con el Club. Lea estos t\u00e9rminos detenidamente, ya que afectan sus derechos y responsabilidades seg\u00fan la ley.  <\/p>\n\n\n\n<ol>\n<li><strong>Aceptaci\u00f3n de los t\u00e9rminos<\/strong> Al utilizar nuestro sitio web, usted acepta estar sujeto a estos T\u00e9rminos y condiciones.<\/li>\n\n\n\n<li><strong>Elegibilidad<\/strong>\n<ul>\n<li>Debe tener al menos 18 a\u00f1os de edad para usar nuestro sitio web y convertirse en miembro del Club. La membres\u00eda en el Club est\u00e1 sujeta a aprobaci\u00f3n y puede requerir el cumplimiento de criterios adicionales, incluido ser residente local y ser referido por un miembro existente<br><\/li>\n<\/ul>\n<\/li>\n\n\n\n<li><strong>Membres\u00eda y acceso al club<\/strong>\n<ul>\n<li>El Club es una entidad privada; solo los socios pueden acceder a las instalaciones del Club.<\/li>\n\n\n\n<li>Todos los miembros deben llevar una tarjeta de identificaci\u00f3n v\u00e1lida en todo momento mientras se encuentren en las instalaciones del Club.<\/li>\n\n\n\n<li>Los miembros deben cumplir con todas las reglas y pautas del Club, que pueden actualizarse de vez en cuando.<\/li>\n\n\n\n<li>Al enviar la solicitud de membres\u00eda o cualquier otra informaci\u00f3n requerida, recibir\u00e1 un correo electr\u00f3nico del Club con m\u00e1s detalles o instrucciones.<br><\/li>\n<\/ul>\n<\/li>\n\n\n\n<li><strong>Informaci\u00f3n y educaci\u00f3n sobre el cannabis<\/strong>\n<ul>\n<li>El Club puede proporcionar informaci\u00f3n y educaci\u00f3n sobre el cannabis medicinal y la prevenci\u00f3n del uso indebido a sus miembros.<\/li>\n\n\n\n<li>El Club no promueve la venta de cannabis.<br><\/li>\n<\/ul>\n<\/li>\n\n\n\n<li><strong>Compartir en comunidad<\/strong>\n<ul>\n<li>El Club es una comunidad que se dedica a compartir recursos e informaci\u00f3n, no a la venta de bienes o servicios.<br><\/li>\n<\/ul>\n<\/li>\n\n\n\n<li><strong>Resoluci\u00f3n de disputas<\/strong>\n<ul>\n<li>Cualquier disputa que surja de o est\u00e9 relacionada con estos T\u00e9rminos, el Club o el Sitio Web se resolver\u00e1 mediante arbitraje final y vinculante, como se detalla en nuestra Pol\u00edtica de Resoluci\u00f3n de Disputas.<br><\/li>\n<\/ul>\n<\/li>\n\n\n\n<li><strong>Indemnizaci\u00f3n<\/strong>\n<ul>\n<li>Los miembros acuerdan indemnizar y eximir de responsabilidad al Club y sus afiliados, funcionarios, agentes y empleados de cualquier reclamo, demanda o acci\u00f3n que surja o est\u00e9 relacionada con el uso del Club o el sitio web o la violaci\u00f3n de estos t\u00e9rminos, incluida cualquier responsabilidad o gasto que surja de reclamos, p\u00e9rdidas, da\u00f1os, demandas, juicios, costos de litigio y honorarios de abogados.<br><\/li>\n<\/ul>\n<\/li>\n\n\n\n<li><strong>Cambios en los t\u00e9rminos<\/strong>\n<ul>\n<li>Podemos actualizar estos T\u00e9rminos y condiciones de vez en cuando. Cuando realicemos cambios sustanciales, notificaremos a los miembros de manera adecuada. El uso continuado del sitio web o de los servicios del Club despu\u00e9s de dichos cambios indicar\u00e1 su reconocimiento de dichos cambios y su acuerdo de estar sujeto a los t\u00e9rminos y condiciones de dichos cambios.  <br><\/li>\n<\/ul>\n<\/li>\n\n\n\n<li><strong>Contacto<\/strong>\n<ul>\n<li>Si tiene alguna pregunta sobre estos T\u00e9rminos y condiciones, comun\u00edquese con nosotros a club@bluedreamabarcelona.com  <\/li>\n<\/ul>\n<\/li>\n\n\n\n<li><strong>T\u00e9rminos adicionales<\/strong>\n<ul>\n<li>Es posible que se apliquen t\u00e9rminos, condiciones, pol\u00edticas, reglas y pautas adicionales a servicios y ofertas espec\u00edficos proporcionados por el Club y se comunicar\u00e1n a los miembros seg\u00fan corresponda.<\/li>\n<\/ul>\n<\/li>\n<\/ol>\n\t\t\t\t\t\t\t\t<\/div>\n\t\t\t\t<\/div>\n\t\t\t\t\t<\/div>\n\t\t<\/div>\n\t\t\t\t\t<\/div>\n\t\t<\/section>\n\t\t\t\t<\/div>\n\t\t","protected":false},"excerpt":{"rendered":"<p>bluedreambarcelona.com VOLVER AL SITIO WEB T\u00e9rminos y condiciones \u00daltima actualizaci\u00f3n: Bienvenidos a Blue Dream Barcelona (el \u00abClub\u00bb). Estos T\u00e9rminos y Condiciones rigen su uso de nuestro sitio web ubicado en http:\/\/bluedreambcn.com (el \u00abSitio Web\u00bb) y su relaci\u00f3n con el Club. Lea estos t\u00e9rminos detenidamente, ya que afectan sus derechos y responsabilidades seg\u00fan la ley. Aceptaci\u00f3n [&hellip;]<\/p>\n","protected":false},"author":3,"featured_media":0,"parent":0,"menu_order":0,"comment_status":"closed","ping_status":"closed","template":"elementor_canvas","meta":{"_joinchat":[],"footnotes":""},"class_list":["post-2632","page","type-page","status-publish","hentry"],"_links":{"self":[{"href":"https:\/\/bluedreambcn.com\/es\/wp-json\/wp\/v2\/pages\/2632","targetHints":{"allow":["GET"]}}],"collection":[{"href":"https:\/\/bluedreambcn.com\/es\/wp-json\/wp\/v2\/pages"}],"about":[{"href":"https:\/\/bluedreambcn.com\/es\/wp-json\/wp\/v2\/types\/page"}],"author":[{"embeddable":true,"href":"https:\/\/bluedreambcn.com\/es\/wp-json\/wp\/v2\/users\/3"}],"replies":[{"embeddable":true,"href":"https:\/\/bluedreambcn.com\/es\/wp-json\/wp\/v2\/comments?post=2632"}],"version-history":[{"count":11,"href":"https:\/\/bluedreambcn.com\/es\/wp-json\/wp\/v2\/pages\/2632\/revisions"}],"predecessor-version":[{"id":2644,"href":"https:\/\/bluedreambcn.com\/es\/wp-json\/wp\/v2\/pages\/2632\/revisions\/2644"}],"wp:attachment":[{"href":"https:\/\/bluedreambcn.com\/es\/wp-json\/wp\/v2\/media?parent=2632"}],"curies":[{"name":"wp","href":"https:\/\/api.w.org\/{rel}","templated":true}]}}